{"id":117,"date":"2023-07-29T11:11:18","date_gmt":"2023-07-29T08:11:18","guid":{"rendered":"https:\/\/moduldizayn.com\/?page_id=117"},"modified":"2024-08-11T11:37:15","modified_gmt":"2024-08-11T08:37:15","slug":"aluminum-structures","status":"publish","type":"page","link":"https:\/\/moduldizayn.com\/eng\/aluminum-structures\/","title":{"rendered":"Aluminum structures"},"content":{"rendered":"\n<figure class=\"wp-block-gallery has-nested-images columns-default is-cropped wp-block-gallery-1 is-layout-flex wp-block-gallery-is-layout-flex\">\n<figure class=\"wp-block-image size-large\"><img loading=\"lazy\" decoding=\"async\" width=\"1024\" height=\"768\" data-id=\"157\" src=\"https:\/\/moduldizayn.com\/eng\/wp-content\/uploads\/sites\/2\/2023\/07\/alumi\u0307nyum_yapilar_1-1024x768.jpg\" alt=\"\" class=\"wp-image-157\" srcset=\"https:\/\/moduldizayn.com\/eng\/wp-content\/uploads\/sites\/2\/2023\/07\/alumi\u0307nyum_yapilar_1-1024x768.jpg 1024w, https:\/\/moduldizayn.com\/eng\/wp-content\/uploads\/sites\/2\/2023\/07\/alumi\u0307nyum_yapilar_1-300x225.jpg 300w, https:\/\/moduldizayn.com\/eng\/wp-content\/uploads\/sites\/2\/2023\/07\/alumi\u0307nyum_yapilar_1-768x576.jpg 768w, https:\/\/moduldizayn.com\/eng\/wp-content\/uploads\/sites\/2\/2023\/07\/alumi\u0307nyum_yapilar_1.jpg 1280w\" sizes=\"auto, (max-width: 1024px) 100vw, 1024px\" \/><\/figure>\n\n\n\n<figure class=\"wp-block-image size-large\"><img loading=\"lazy\" decoding=\"async\" width=\"1024\" height=\"682\" data-id=\"158\" src=\"https:\/\/moduldizayn.com\/eng\/wp-content\/uploads\/sites\/2\/2023\/07\/alumi\u0307nyum_yapilar_2-1024x682.jpg\" alt=\"\" class=\"wp-image-158\" srcset=\"https:\/\/moduldizayn.com\/eng\/wp-content\/uploads\/sites\/2\/2023\/07\/alumi\u0307nyum_yapilar_2-1024x682.jpg 1024w, https:\/\/moduldizayn.com\/eng\/wp-content\/uploads\/sites\/2\/2023\/07\/alumi\u0307nyum_yapilar_2-300x200.jpg 300w, https:\/\/moduldizayn.com\/eng\/wp-content\/uploads\/sites\/2\/2023\/07\/alumi\u0307nyum_yapilar_2-768x512.jpg 768w, https:\/\/moduldizayn.com\/eng\/wp-content\/uploads\/sites\/2\/2023\/07\/alumi\u0307nyum_yapilar_2.jpg 1280w\" sizes=\"auto, (max-width: 1024px) 100vw, 1024px\" \/><\/figure>\n\n\n\n<figure class=\"wp-block-image size-large\"><img loading=\"lazy\" decoding=\"async\" width=\"1024\" height=\"682\" data-id=\"159\" src=\"https:\/\/moduldizayn.com\/eng\/wp-content\/uploads\/sites\/2\/2023\/07\/alumi\u0307nyum_yapilar_3-1024x682.jpg\" alt=\"\" class=\"wp-image-159\" srcset=\"https:\/\/moduldizayn.com\/eng\/wp-content\/uploads\/sites\/2\/2023\/07\/alumi\u0307nyum_yapilar_3-1024x682.jpg 1024w, https:\/\/moduldizayn.com\/eng\/wp-content\/uploads\/sites\/2\/2023\/07\/alumi\u0307nyum_yapilar_3-300x200.jpg 300w, https:\/\/moduldizayn.com\/eng\/wp-content\/uploads\/sites\/2\/2023\/07\/alumi\u0307nyum_yapilar_3-768x512.jpg 768w, https:\/\/moduldizayn.com\/eng\/wp-content\/uploads\/sites\/2\/2023\/07\/alumi\u0307nyum_yapilar_3.jpg 1280w\" sizes=\"auto, (max-width: 1024px) 100vw, 1024px\" \/><\/figure>\n\n\n\n<figure class=\"wp-block-image size-large\"><img loading=\"lazy\" decoding=\"async\" width=\"1024\" height=\"682\" data-id=\"160\" src=\"https:\/\/moduldizayn.com\/eng\/wp-content\/uploads\/sites\/2\/2023\/07\/alumi\u0307nyum_yapilar_4-1024x682.jpg\" alt=\"\" class=\"wp-image-160\" srcset=\"https:\/\/moduldizayn.com\/eng\/wp-content\/uploads\/sites\/2\/2023\/07\/alumi\u0307nyum_yapilar_4-1024x682.jpg 1024w, https:\/\/moduldizayn.com\/eng\/wp-content\/uploads\/sites\/2\/2023\/07\/alumi\u0307nyum_yapilar_4-300x200.jpg 300w, https:\/\/moduldizayn.com\/eng\/wp-content\/uploads\/sites\/2\/2023\/07\/alumi\u0307nyum_yapilar_4-768x511.jpg 768w, https:\/\/moduldizayn.com\/eng\/wp-content\/uploads\/sites\/2\/2023\/07\/alumi\u0307nyum_yapilar_4.jpg 1280w\" sizes=\"auto, (max-width: 1024px) 100vw, 1024px\" \/><\/figure>\n\n\n\n<figure class=\"wp-block-image size-large\"><img loading=\"lazy\" decoding=\"async\" width=\"1024\" height=\"767\" data-id=\"161\" src=\"https:\/\/moduldizayn.com\/eng\/wp-content\/uploads\/sites\/2\/2023\/07\/alumi\u0307nyum_yapilar_5-1024x767.jpg\" alt=\"\" class=\"wp-image-161\" srcset=\"https:\/\/moduldizayn.com\/eng\/wp-content\/uploads\/sites\/2\/2023\/07\/alumi\u0307nyum_yapilar_5-1024x767.jpg 1024w, https:\/\/moduldizayn.com\/eng\/wp-content\/uploads\/sites\/2\/2023\/07\/alumi\u0307nyum_yapilar_5-300x225.jpg 300w, https:\/\/moduldizayn.com\/eng\/wp-content\/uploads\/sites\/2\/2023\/07\/alumi\u0307nyum_yapilar_5-768x575.jpg 768w, https:\/\/moduldizayn.com\/eng\/wp-content\/uploads\/sites\/2\/2023\/07\/alumi\u0307nyum_yapilar_5.jpg 1280w\" sizes=\"auto, (max-width: 1024px) 100vw, 1024px\" \/><\/figure>\n\n\n\n<figure class=\"wp-block-image size-large\"><img loading=\"lazy\" decoding=\"async\" width=\"1024\" height=\"576\" data-id=\"162\" src=\"https:\/\/moduldizayn.com\/eng\/wp-content\/uploads\/sites\/2\/2023\/07\/alumi\u0307nyum_yapilar_6-1024x576.jpg\" alt=\"\" class=\"wp-image-162\" srcset=\"https:\/\/moduldizayn.com\/eng\/wp-content\/uploads\/sites\/2\/2023\/07\/alumi\u0307nyum_yapilar_6-1024x576.jpg 1024w, https:\/\/moduldizayn.com\/eng\/wp-content\/uploads\/sites\/2\/2023\/07\/alumi\u0307nyum_yapilar_6-300x169.jpg 300w, https:\/\/moduldizayn.com\/eng\/wp-content\/uploads\/sites\/2\/2023\/07\/alumi\u0307nyum_yapilar_6-768x432.jpg 768w, https:\/\/moduldizayn.com\/eng\/wp-content\/uploads\/sites\/2\/2023\/07\/alumi\u0307nyum_yapilar_6.jpg 1280w\" sizes=\"auto, (max-width: 1024px) 100vw, 1024px\" \/><\/figure>\n\n\n\n<figure class=\"wp-block-image size-large\"><img loading=\"lazy\" decoding=\"async\" width=\"1024\" height=\"682\" data-id=\"163\" src=\"https:\/\/moduldizayn.com\/eng\/wp-content\/uploads\/sites\/2\/2023\/07\/alumi\u0307nyum_yapilar_7-1024x682.jpg\" alt=\"\" class=\"wp-image-163\" srcset=\"https:\/\/moduldizayn.com\/eng\/wp-content\/uploads\/sites\/2\/2023\/07\/alumi\u0307nyum_yapilar_7-1024x682.jpg 1024w, https:\/\/moduldizayn.com\/eng\/wp-content\/uploads\/sites\/2\/2023\/07\/alumi\u0307nyum_yapilar_7-300x200.jpg 300w, https:\/\/moduldizayn.com\/eng\/wp-content\/uploads\/sites\/2\/2023\/07\/alumi\u0307nyum_yapilar_7-768x511.jpg 768w, https:\/\/moduldizayn.com\/eng\/wp-content\/uploads\/sites\/2\/2023\/07\/alumi\u0307nyum_yapilar_7.jpg 1280w\" sizes=\"auto, (max-width: 1024px) 100vw, 1024px\" \/><\/figure>\n\n\n\n<figure class=\"wp-block-image size-large\"><img loading=\"lazy\" decoding=\"async\" width=\"1024\" height=\"682\" data-id=\"164\" src=\"https:\/\/moduldizayn.com\/eng\/wp-content\/uploads\/sites\/2\/2023\/07\/alumi\u0307nyum_yapilar_8-1024x682.jpg\" alt=\"\" class=\"wp-image-164\" srcset=\"https:\/\/moduldizayn.com\/eng\/wp-content\/uploads\/sites\/2\/2023\/07\/alumi\u0307nyum_yapilar_8-1024x682.jpg 1024w, https:\/\/moduldizayn.com\/eng\/wp-content\/uploads\/sites\/2\/2023\/07\/alumi\u0307nyum_yapilar_8-300x200.jpg 300w, https:\/\/moduldizayn.com\/eng\/wp-content\/uploads\/sites\/2\/2023\/07\/alumi\u0307nyum_yapilar_8-768x511.jpg 768w, https:\/\/moduldizayn.com\/eng\/wp-content\/uploads\/sites\/2\/2023\/07\/alumi\u0307nyum_yapilar_8.jpg 1280w\" sizes=\"auto, (max-width: 1024px) 100vw, 1024px\" \/><\/figure>\n\n\n\n<figure class=\"wp-block-image size-large\"><img loading=\"lazy\" decoding=\"async\" width=\"1024\" height=\"497\" data-id=\"165\" src=\"https:\/\/moduldizayn.com\/eng\/wp-content\/uploads\/sites\/2\/2023\/07\/alumi\u0307nyum_yapilar_9-1024x497.jpg\" alt=\"\" class=\"wp-image-165\" srcset=\"https:\/\/moduldizayn.com\/eng\/wp-content\/uploads\/sites\/2\/2023\/07\/alumi\u0307nyum_yapilar_9-1024x497.jpg 1024w, https:\/\/moduldizayn.com\/eng\/wp-content\/uploads\/sites\/2\/2023\/07\/alumi\u0307nyum_yapilar_9-300x146.jpg 300w, https:\/\/moduldizayn.com\/eng\/wp-content\/uploads\/sites\/2\/2023\/07\/alumi\u0307nyum_yapilar_9-768x373.jpg 768w, https:\/\/moduldizayn.com\/eng\/wp-content\/uploads\/sites\/2\/2023\/07\/alumi\u0307nyum_yapilar_9.jpg 1280w\" sizes=\"auto, (max-width: 1024px) 100vw, 1024px\" \/><\/figure>\n\n\n\n<figure class=\"wp-block-image size-large\"><img loading=\"lazy\" decoding=\"async\" width=\"1024\" height=\"632\" data-id=\"166\" src=\"https:\/\/moduldizayn.com\/eng\/wp-content\/uploads\/sites\/2\/2023\/07\/alumi\u0307nyum_yapilar_10-1024x632.jpg\" alt=\"\" class=\"wp-image-166\" srcset=\"https:\/\/moduldizayn.com\/eng\/wp-content\/uploads\/sites\/2\/2023\/07\/alumi\u0307nyum_yapilar_10-1024x632.jpg 1024w, https:\/\/moduldizayn.com\/eng\/wp-content\/uploads\/sites\/2\/2023\/07\/alumi\u0307nyum_yapilar_10-300x185.jpg 300w, https:\/\/moduldizayn.com\/eng\/wp-content\/uploads\/sites\/2\/2023\/07\/alumi\u0307nyum_yapilar_10-768x474.jpg 768w, https:\/\/moduldizayn.com\/eng\/wp-content\/uploads\/sites\/2\/2023\/07\/alumi\u0307nyum_yapilar_10.jpg 1280w\" sizes=\"auto, (max-width: 1024px) 100vw, 1024px\" \/><\/figure>\n<\/figure>\n\n\n<div class=\"wp-block-image\">\n<figure class=\"aligncenter size-full\"><img loading=\"lazy\" decoding=\"async\" width=\"555\" height=\"31\" src=\"https:\/\/moduldizayn.com\/eng\/wp-content\/uploads\/sites\/2\/2023\/07\/cizgi2b.png\" alt=\"\" class=\"wp-image-372\" srcset=\"https:\/\/moduldizayn.com\/eng\/wp-content\/uploads\/sites\/2\/2023\/07\/cizgi2b.png 555w, https:\/\/moduldizayn.com\/eng\/wp-content\/uploads\/sites\/2\/2023\/07\/cizgi2b-300x17.png 300w\" sizes=\"auto, (max-width: 555px) 100vw, 555px\" \/><\/figure>\n<\/div>\n\n\n<p class=\"has-text-align-center\"><a href=\"https:\/\/moduldizayn.com\/eng\/wp-content\/uploads\/sites\/2\/2024\/08\/moduler_aliminyum_yapilar_eng.pdf\" target=\"_blank\" rel=\"noreferrer noopener\"><mark style=\"background-color:rgba(0, 0, 0, 0)\" class=\"has-inline-color has-luminous-vivid-orange-color\"><strong>Single and Double-Storey Modular Structures Download PDF File<\/strong><\/mark><\/a><\/p>\n\n\n\n<div data-wp-interactive=\"core\/file\" class=\"wp-block-file\"><object data-wp-bind--hidden=\"!state.hasPdfPreview\" hidden class=\"wp-block-file__embed\" data=\"https:\/\/moduldizayn.com\/eng\/wp-content\/uploads\/sites\/2\/2024\/08\/moduler_aliminyum_yapilar_eng.pdf\" type=\"application\/pdf\" style=\"width:100%;height:600px\" aria-label=\"&lt;mark style=&quot;background-color:rgba(0, 0, 0, 0)&quot; class=&quot;has-inline-color has-luminous-vivid-orange-color&quot;&gt;&lt;strong&gt;Single and Double-Storey Modular Structures Download PDF File&lt;\/strong&gt;&lt;\/mark&gt; g\u00f6m\u00fcs\u00fc.\"><\/object><a id=\"wp-block-file--media-864f20cf-6621-42e7-9e2d-7cd063823e89\" href=\"https:\/\/moduldizayn.com\/eng\/wp-content\/uploads\/sites\/2\/2024\/08\/moduler_aliminyum_yapilar_eng.pdf\"><mark style=\"background-color:rgba(0, 0, 0, 0)\" class=\"has-inline-color has-luminous-vivid-orange-color\"><strong>Single and Double-Storey Modular Structures Download PDF File<\/strong><\/mark><\/a><a href=\"https:\/\/moduldizayn.com\/eng\/wp-content\/uploads\/sites\/2\/2024\/08\/moduler_aliminyum_yapilar_eng.pdf\" class=\"wp-block-file__button wp-element-button\" download aria-describedby=\"wp-block-file--media-864f20cf-6621-42e7-9e2d-7cd063823e89\">\u0130ndir<\/a><\/div>\n\n\n\n<figure class=\"wp-block-gallery has-nested-images columns-default is-cropped wp-block-gallery-2 is-layout-flex wp-block-gallery-is-layout-flex\"><\/figure>\n","protected":false},"excerpt":{"rendered":"<p>Single and Double-Storey Modular Structures Download PDF File<\/p>\n","protected":false},"author":1,"featured_media":0,"parent":0,"menu_order":0,"comment_status":"closed","ping_status":"closed","template":"","meta":{"footnotes":""},"class_list":["post-117","page","type-page","status-publish","hentry"],"_links":{"self":[{"href":"https:\/\/moduldizayn.com\/eng\/wp-json\/wp\/v2\/pages\/117","targetHints":{"allow":["GET"]}}],"collection":[{"href":"https:\/\/moduldizayn.com\/eng\/wp-json\/wp\/v2\/pages"}],"about":[{"href":"https:\/\/moduldizayn.com\/eng\/wp-json\/wp\/v2\/types\/page"}],"author":[{"embeddable":true,"href":"https:\/\/moduldizayn.com\/eng\/wp-json\/wp\/v2\/users\/1"}],"replies":[{"embeddable":true,"href":"https:\/\/moduldizayn.com\/eng\/wp-json\/wp\/v2\/comments?post=117"}],"version-history":[{"count":6,"href":"https:\/\/moduldizayn.com\/eng\/wp-json\/wp\/v2\/pages\/117\/revisions"}],"predecessor-version":[{"id":1304,"href":"https:\/\/moduldizayn.com\/eng\/wp-json\/wp\/v2\/pages\/117\/revisions\/1304"}],"wp:attachment":[{"href":"https:\/\/moduldizayn.com\/eng\/wp-json\/wp\/v2\/media?parent=117"}],"curies":[{"name":"wp","href":"https:\/\/api.w.org\/{rel}","templated":true}]}}