{"id":119,"date":"2023-07-29T11:11:52","date_gmt":"2023-07-29T08:11:52","guid":{"rendered":"https:\/\/moduldizayn.com\/?page_id=119"},"modified":"2024-08-16T13:43:34","modified_gmt":"2024-08-16T10:43:34","slug":"cultural-buildings","status":"publish","type":"page","link":"https:\/\/moduldizayn.com\/eng\/cultural-buildings\/","title":{"rendered":"Cultural buildings"},"content":{"rendered":"\n<figure class=\"wp-block-gallery has-nested-images columns-default is-cropped wp-block-gallery-1 is-layout-flex wp-block-gallery-is-layout-flex\">\n<figure class=\"wp-block-image size-large\"><img loading=\"lazy\" decoding=\"async\" width=\"1024\" height=\"576\" data-id=\"184\" src=\"https:\/\/moduldizayn.com\/wp-content\/uploads\/kulturel_yapilar_1-1024x576.jpg\" alt=\"\" class=\"wp-image-184\"\/><\/figure>\n\n\n\n<figure class=\"wp-block-image size-large\"><img loading=\"lazy\" decoding=\"async\" width=\"1024\" height=\"576\" data-id=\"182\" src=\"https:\/\/moduldizayn.com\/wp-content\/uploads\/kulturel_yapilar_2-1024x576.jpg\" alt=\"\" class=\"wp-image-182\"\/><\/figure>\n\n\n\n<figure class=\"wp-block-image size-large\"><img loading=\"lazy\" decoding=\"async\" width=\"1024\" height=\"576\" data-id=\"186\" src=\"https:\/\/moduldizayn.com\/wp-content\/uploads\/kulturel_yapilar_3-1024x576.jpg\" alt=\"\" class=\"wp-image-186\"\/><\/figure>\n\n\n\n<figure class=\"wp-block-image size-large\"><img loading=\"lazy\" decoding=\"async\" width=\"1024\" height=\"576\" data-id=\"185\" src=\"https:\/\/moduldizayn.com\/wp-content\/uploads\/kulturel_yapilar_4-1024x576.jpg\" alt=\"\" class=\"wp-image-185\"\/><\/figure>\n\n\n\n<figure class=\"wp-block-image size-large\"><img loading=\"lazy\" decoding=\"async\" width=\"1024\" height=\"576\" data-id=\"183\" src=\"https:\/\/moduldizayn.com\/wp-content\/uploads\/kulturel_yapilar_5-1024x576.jpg\" alt=\"\" class=\"wp-image-183\"\/><\/figure>\n\n\n\n<figure class=\"wp-block-image size-large\"><img loading=\"lazy\" decoding=\"async\" width=\"1024\" height=\"576\" data-id=\"187\" src=\"https:\/\/moduldizayn.com\/eng\/wp-content\/uploads\/sites\/2\/2023\/07\/kulturel_yapilar_6-1024x576.jpg\" alt=\"\" class=\"wp-image-187\" srcset=\"https:\/\/moduldizayn.com\/eng\/wp-content\/uploads\/sites\/2\/2023\/07\/kulturel_yapilar_6-1024x576.jpg 1024w, https:\/\/moduldizayn.com\/eng\/wp-content\/uploads\/sites\/2\/2023\/07\/kulturel_yapilar_6-300x169.jpg 300w, https:\/\/moduldizayn.com\/eng\/wp-content\/uploads\/sites\/2\/2023\/07\/kulturel_yapilar_6-768x432.jpg 768w, https:\/\/moduldizayn.com\/eng\/wp-content\/uploads\/sites\/2\/2023\/07\/kulturel_yapilar_6.jpg 1280w\" sizes=\"auto, (max-width: 1024px) 100vw, 1024px\" \/><\/figure>\n\n\n\n<figure class=\"wp-block-image size-large\"><img loading=\"lazy\" decoding=\"async\" width=\"1024\" height=\"576\" data-id=\"185\" src=\"https:\/\/moduldizayn.com\/eng\/wp-content\/uploads\/sites\/2\/2023\/07\/kulturel_yapilar_4-1024x576.jpg\" alt=\"\" class=\"wp-image-185\" srcset=\"https:\/\/moduldizayn.com\/eng\/wp-content\/uploads\/sites\/2\/2023\/07\/kulturel_yapilar_4-1024x576.jpg 1024w, https:\/\/moduldizayn.com\/eng\/wp-content\/uploads\/sites\/2\/2023\/07\/kulturel_yapilar_4-300x169.jpg 300w, https:\/\/moduldizayn.com\/eng\/wp-content\/uploads\/sites\/2\/2023\/07\/kulturel_yapilar_4-768x432.jpg 768w, https:\/\/moduldizayn.com\/eng\/wp-content\/uploads\/sites\/2\/2023\/07\/kulturel_yapilar_4.jpg 1280w\" sizes=\"auto, (max-width: 1024px) 100vw, 1024px\" \/><\/figure>\n\n\n\n<figure class=\"wp-block-image size-large\"><img loading=\"lazy\" decoding=\"async\" width=\"1024\" height=\"576\" data-id=\"183\" src=\"https:\/\/moduldizayn.com\/eng\/wp-content\/uploads\/sites\/2\/2023\/07\/kulturel_yapilar_5-1024x576.jpg\" alt=\"\" class=\"wp-image-183\" srcset=\"https:\/\/moduldizayn.com\/eng\/wp-content\/uploads\/sites\/2\/2023\/07\/kulturel_yapilar_5-1024x576.jpg 1024w, https:\/\/moduldizayn.com\/eng\/wp-content\/uploads\/sites\/2\/2023\/07\/kulturel_yapilar_5-300x169.jpg 300w, https:\/\/moduldizayn.com\/eng\/wp-content\/uploads\/sites\/2\/2023\/07\/kulturel_yapilar_5-768x432.jpg 768w, https:\/\/moduldizayn.com\/eng\/wp-content\/uploads\/sites\/2\/2023\/07\/kulturel_yapilar_5.jpg 1280w\" sizes=\"auto, (max-width: 1024px) 100vw, 1024px\" \/><\/figure>\n\n\n\n<figure class=\"wp-block-image size-large\"><img loading=\"lazy\" decoding=\"async\" width=\"1024\" height=\"576\" data-id=\"190\" src=\"https:\/\/moduldizayn.com\/eng\/wp-content\/uploads\/sites\/2\/2023\/07\/kulturel_yapilar_9-1024x576.jpg\" alt=\"\" class=\"wp-image-190\" srcset=\"https:\/\/moduldizayn.com\/eng\/wp-content\/uploads\/sites\/2\/2023\/07\/kulturel_yapilar_9-1024x576.jpg 1024w, https:\/\/moduldizayn.com\/eng\/wp-content\/uploads\/sites\/2\/2023\/07\/kulturel_yapilar_9-300x169.jpg 300w, https:\/\/moduldizayn.com\/eng\/wp-content\/uploads\/sites\/2\/2023\/07\/kulturel_yapilar_9-768x432.jpg 768w, https:\/\/moduldizayn.com\/eng\/wp-content\/uploads\/sites\/2\/2023\/07\/kulturel_yapilar_9.jpg 1280w\" sizes=\"auto, (max-width: 1024px) 100vw, 1024px\" \/><\/figure>\n<\/figure>\n\n\n<div class=\"wp-block-image\">\n<figure class=\"aligncenter size-full\"><img loading=\"lazy\" decoding=\"async\" width=\"555\" height=\"31\" src=\"https:\/\/moduldizayn.com\/eng\/wp-content\/uploads\/sites\/2\/2023\/07\/cizgi2b.png\" alt=\"\" class=\"wp-image-372\" srcset=\"https:\/\/moduldizayn.com\/eng\/wp-content\/uploads\/sites\/2\/2023\/07\/cizgi2b.png 555w, https:\/\/moduldizayn.com\/eng\/wp-content\/uploads\/sites\/2\/2023\/07\/cizgi2b-300x17.png 300w\" sizes=\"auto, (max-width: 555px) 100vw, 555px\" \/><\/figure>\n<\/div>\n\n\n<p class=\"has-text-align-center\"><a href=\"https:\/\/moduldizayn.com\/eng\/wp-content\/uploads\/sites\/2\/2023\/07\/mobile_exhibition_center.pdf\" target=\"_blank\" rel=\"noreferrer noopener\"><strong><mark style=\"background-color:rgba(0, 0, 0, 0)\" class=\"has-inline-color has-luminous-vivid-amber-color\">Cultural buildings download PDF<\/mark><\/strong><\/a><\/p>\n\n\n\n<div data-wp-interactive=\"core\/file\" class=\"wp-block-file\"><object data-wp-bind--hidden=\"!state.hasPdfPreview\" hidden class=\"wp-block-file__embed\" data=\"https:\/\/moduldizayn.com\/eng\/wp-content\/uploads\/sites\/2\/2023\/07\/mobile_exhibition_center.pdf\" type=\"application\/pdf\" style=\"width:100%;height:600px\" aria-label=\"mobile_exhibition_center g\u00f6m\u00fcs\u00fc.\"><\/object><a id=\"wp-block-file--media-3155b536-9737-4433-bbf4-7684d7d02b07\" href=\"https:\/\/moduldizayn.com\/eng\/wp-content\/uploads\/sites\/2\/2023\/07\/mobile_exhibition_center.pdf\">mobile_exhibition_center<\/a><a href=\"https:\/\/moduldizayn.com\/eng\/wp-content\/uploads\/sites\/2\/2023\/07\/mobile_exhibition_center.pdf\" class=\"wp-block-file__button wp-element-button\" download aria-describedby=\"wp-block-file--media-3155b536-9737-4433-bbf4-7684d7d02b07\">\u0130ndir<\/a><\/div>\n\n\n<div class=\"wp-block-image\">\n<figure class=\"aligncenter size-full\"><img loading=\"lazy\" decoding=\"async\" width=\"555\" height=\"31\" src=\"https:\/\/moduldizayn.com\/eng\/wp-content\/uploads\/sites\/2\/2023\/07\/cizgi2b.png\" alt=\"\" class=\"wp-image-372\" srcset=\"https:\/\/moduldizayn.com\/eng\/wp-content\/uploads\/sites\/2\/2023\/07\/cizgi2b.png 555w, https:\/\/moduldizayn.com\/eng\/wp-content\/uploads\/sites\/2\/2023\/07\/cizgi2b-300x17.png 300w\" sizes=\"auto, (max-width: 555px) 100vw, 555px\" \/><\/figure>\n<\/div>\n\n\n<title><\/title>\n\n\n\n<ul>\n<li><a href=\"https:\/\/moduldizayn.com\/eng\/2023\/07\/31\/sakarya-metropolitan-municipality-portable-steel-congress-hall-for-1000-people\/\">Sakarya Metropolitan Municipality portable steel congress hall for 1000 people<\/a><\/li>\n<li>\n\n<a href=\"https:\/\/moduldizayn.com\/eng\/2023\/07\/31\/10000-person-modular-conference-hall\/\">10000 person modular conference hall<\/a><\/li>\n<li>\n\n<a href=\"https:\/\/moduldizayn.com\/eng\/2023\/07\/31\/mobile-exhibition-center\/\">Mobile exhibition center<\/a><\/li>\n<\/ul>\n<p><br>\n<\/p>\n","protected":false},"excerpt":{"rendered":"<p>Cultural buildings download PDF Sakarya Metropolitan Municipality portable steel congress hall for 1000 people 10000 person modular conference hall Mobile<\/p>\n","protected":false},"author":1,"featured_media":0,"parent":0,"menu_order":0,"comment_status":"closed","ping_status":"closed","template":"","meta":{"footnotes":""},"class_list":["post-119","page","type-page","status-publish","hentry"],"_links":{"self":[{"href":"https:\/\/moduldizayn.com\/eng\/wp-json\/wp\/v2\/pages\/119","targetHints":{"allow":["GET"]}}],"collection":[{"href":"https:\/\/moduldizayn.com\/eng\/wp-json\/wp\/v2\/pages"}],"about":[{"href":"https:\/\/moduldizayn.com\/eng\/wp-json\/wp\/v2\/types\/page"}],"author":[{"embeddable":true,"href":"https:\/\/moduldizayn.com\/eng\/wp-json\/wp\/v2\/users\/1"}],"replies":[{"embeddable":true,"href":"https:\/\/moduldizayn.com\/eng\/wp-json\/wp\/v2\/comments?post=119"}],"version-history":[{"count":6,"href":"https:\/\/moduldizayn.com\/eng\/wp-json\/wp\/v2\/pages\/119\/revisions"}],"predecessor-version":[{"id":1333,"href":"https:\/\/moduldizayn.com\/eng\/wp-json\/wp\/v2\/pages\/119\/revisions\/1333"}],"wp:attachment":[{"href":"https:\/\/moduldizayn.com\/eng\/wp-json\/wp\/v2\/media?parent=119"}],"curies":[{"name":"wp","href":"https:\/\/api.w.org\/{rel}","templated":true}]}}