{"id":129,"date":"2023-07-29T11:15:38","date_gmt":"2023-07-29T08:15:38","guid":{"rendered":"https:\/\/moduldizayn.com\/?page_id=129"},"modified":"2024-08-16T13:00:04","modified_gmt":"2024-08-16T10:00:04","slug":"student-dormitories","status":"publish","type":"page","link":"https:\/\/moduldizayn.com\/eng\/student-dormitories\/","title":{"rendered":"Student dormitories"},"content":{"rendered":"\n<p class=\"has-text-align-center\"><a href=\"https:\/\/moduldizayn.com\/eng\/wp-content\/uploads\/sites\/2\/2024\/08\/student_dormitory.pdf\" target=\"_blank\" rel=\"noreferrer noopener\"><strong><mark style=\"background-color:rgba(0, 0, 0, 0)\" class=\"has-inline-color has-luminous-vivid-orange-color\">Student Dormitories Download PDF File >><\/mark><\/strong><\/a><\/p>\n\n\n\n<div data-wp-interactive=\"core\/file\" class=\"wp-block-file\"><object data-wp-bind--hidden=\"!state.hasPdfPreview\" hidden class=\"wp-block-file__embed\" data=\"https:\/\/moduldizayn.com\/eng\/wp-content\/uploads\/sites\/2\/2024\/08\/student_dormitory.pdf\" type=\"application\/pdf\" style=\"width:100%;height:600px\" aria-label=\"student_dormitory g\u00f6m\u00fcs\u00fc.\"><\/object><a id=\"wp-block-file--media-636f288c-2686-457d-9568-2bcfc3b152a9\" href=\"https:\/\/moduldizayn.com\/eng\/wp-content\/uploads\/sites\/2\/2024\/08\/student_dormitory.pdf\">student_dormitory<\/a><a href=\"https:\/\/moduldizayn.com\/eng\/wp-content\/uploads\/sites\/2\/2024\/08\/student_dormitory.pdf\" class=\"wp-block-file__button wp-element-button\" download aria-describedby=\"wp-block-file--media-636f288c-2686-457d-9568-2bcfc3b152a9\">\u0130ndir<\/a><\/div>\n","protected":false},"excerpt":{"rendered":"<p>Student Dormitories Download PDF File >><\/p>\n","protected":false},"author":1,"featured_media":0,"parent":0,"menu_order":0,"comment_status":"closed","ping_status":"closed","template":"","meta":{"footnotes":""},"class_list":["post-129","page","type-page","status-publish","hentry"],"_links":{"self":[{"href":"https:\/\/moduldizayn.com\/eng\/wp-json\/wp\/v2\/pages\/129","targetHints":{"allow":["GET"]}}],"collection":[{"href":"https:\/\/moduldizayn.com\/eng\/wp-json\/wp\/v2\/pages"}],"about":[{"href":"https:\/\/moduldizayn.com\/eng\/wp-json\/wp\/v2\/types\/page"}],"author":[{"embeddable":true,"href":"https:\/\/moduldizayn.com\/eng\/wp-json\/wp\/v2\/users\/1"}],"replies":[{"embeddable":true,"href":"https:\/\/moduldizayn.com\/eng\/wp-json\/wp\/v2\/comments?post=129"}],"version-history":[{"count":5,"href":"https:\/\/moduldizayn.com\/eng\/wp-json\/wp\/v2\/pages\/129\/revisions"}],"predecessor-version":[{"id":1320,"href":"https:\/\/moduldizayn.com\/eng\/wp-json\/wp\/v2\/pages\/129\/revisions\/1320"}],"wp:attachment":[{"href":"https:\/\/moduldizayn.com\/eng\/wp-json\/wp\/v2\/media?parent=129"}],"curies":[{"name":"wp","href":"https:\/\/api.w.org\/{rel}","templated":true}]}}