{"id":134,"date":"2023-07-29T11:17:06","date_gmt":"2023-07-29T08:17:06","guid":{"rendered":"https:\/\/moduldizayn.com\/?page_id=134"},"modified":"2024-08-16T12:44:15","modified_gmt":"2024-08-16T09:44:15","slug":"military-buildings","status":"publish","type":"page","link":"https:\/\/moduldizayn.com\/eng\/military-buildings\/","title":{"rendered":"Military Buildings"},"content":{"rendered":"\n<figure class=\"wp-block-gallery has-nested-images columns-default is-cropped wp-block-gallery-1 is-layout-flex wp-block-gallery-is-layout-flex\">\n<figure class=\"wp-block-image size-large\"><img loading=\"lazy\" decoding=\"async\" width=\"1024\" height=\"768\" data-id=\"151\" src=\"https:\/\/moduldizayn.com\/eng\/wp-content\/uploads\/sites\/2\/2023\/07\/askeri_yapilar_askeri\u0307_yapilar_hastane-2-1024x768.jpg\" alt=\"\" class=\"wp-image-151\" srcset=\"https:\/\/moduldizayn.com\/eng\/wp-content\/uploads\/sites\/2\/2023\/07\/askeri_yapilar_askeri\u0307_yapilar_hastane-2-1024x768.jpg 1024w, https:\/\/moduldizayn.com\/eng\/wp-content\/uploads\/sites\/2\/2023\/07\/askeri_yapilar_askeri\u0307_yapilar_hastane-2-300x225.jpg 300w, https:\/\/moduldizayn.com\/eng\/wp-content\/uploads\/sites\/2\/2023\/07\/askeri_yapilar_askeri\u0307_yapilar_hastane-2-768x576.jpg 768w, https:\/\/moduldizayn.com\/eng\/wp-content\/uploads\/sites\/2\/2023\/07\/askeri_yapilar_askeri\u0307_yapilar_hastane-2.jpg 1280w\" sizes=\"auto, (max-width: 1024px) 100vw, 1024px\" \/><figcaption class=\"wp-element-caption\"><strong>HASTANE<\/strong><\/figcaption><\/figure>\n\n\n\n<figure class=\"wp-block-image size-large\"><img loading=\"lazy\" decoding=\"async\" width=\"1024\" height=\"768\" data-id=\"150\" src=\"https:\/\/moduldizayn.com\/eng\/wp-content\/uploads\/sites\/2\/2023\/07\/askeri_yapilar_askeri\u0307_yapilar_hangar-1024x768.jpg\" alt=\"\" class=\"wp-image-150\" srcset=\"https:\/\/moduldizayn.com\/eng\/wp-content\/uploads\/sites\/2\/2023\/07\/askeri_yapilar_askeri\u0307_yapilar_hangar-1024x768.jpg 1024w, https:\/\/moduldizayn.com\/eng\/wp-content\/uploads\/sites\/2\/2023\/07\/askeri_yapilar_askeri\u0307_yapilar_hangar-300x225.jpg 300w, https:\/\/moduldizayn.com\/eng\/wp-content\/uploads\/sites\/2\/2023\/07\/askeri_yapilar_askeri\u0307_yapilar_hangar-768x576.jpg 768w, https:\/\/moduldizayn.com\/eng\/wp-content\/uploads\/sites\/2\/2023\/07\/askeri_yapilar_askeri\u0307_yapilar_hangar.jpg 1280w\" sizes=\"auto, (max-width: 1024px) 100vw, 1024px\" \/><figcaption class=\"wp-element-caption\"><strong>HANGAR<\/strong><\/figcaption><\/figure>\n\n\n\n<figure class=\"wp-block-image size-large\"><img loading=\"lazy\" decoding=\"async\" width=\"1024\" height=\"678\" data-id=\"148\" src=\"https:\/\/moduldizayn.com\/eng\/wp-content\/uploads\/sites\/2\/2023\/07\/askeri_yapilar_askeri\u0307_yapilar_hastane-1-1024x678.jpg\" alt=\"\" class=\"wp-image-148\" srcset=\"https:\/\/moduldizayn.com\/eng\/wp-content\/uploads\/sites\/2\/2023\/07\/askeri_yapilar_askeri\u0307_yapilar_hastane-1-1024x678.jpg 1024w, https:\/\/moduldizayn.com\/eng\/wp-content\/uploads\/sites\/2\/2023\/07\/askeri_yapilar_askeri\u0307_yapilar_hastane-1-300x199.jpg 300w, https:\/\/moduldizayn.com\/eng\/wp-content\/uploads\/sites\/2\/2023\/07\/askeri_yapilar_askeri\u0307_yapilar_hastane-1-768x508.jpg 768w, https:\/\/moduldizayn.com\/eng\/wp-content\/uploads\/sites\/2\/2023\/07\/askeri_yapilar_askeri\u0307_yapilar_hastane-1.jpg 1280w\" sizes=\"auto, (max-width: 1024px) 100vw, 1024px\" \/><figcaption class=\"wp-element-caption\"><strong>HASTANE<\/strong><\/figcaption><\/figure>\n\n\n\n<figure class=\"wp-block-image size-large\"><img loading=\"lazy\" decoding=\"async\" width=\"1024\" height=\"678\" data-id=\"149\" src=\"https:\/\/moduldizayn.com\/eng\/wp-content\/uploads\/sites\/2\/2023\/07\/askeri_yapilar_askeri_yatakhane-1024x678.jpg\" alt=\"\" class=\"wp-image-149\" srcset=\"https:\/\/moduldizayn.com\/eng\/wp-content\/uploads\/sites\/2\/2023\/07\/askeri_yapilar_askeri_yatakhane-1024x678.jpg 1024w, https:\/\/moduldizayn.com\/eng\/wp-content\/uploads\/sites\/2\/2023\/07\/askeri_yapilar_askeri_yatakhane-300x199.jpg 300w, https:\/\/moduldizayn.com\/eng\/wp-content\/uploads\/sites\/2\/2023\/07\/askeri_yapilar_askeri_yatakhane-768x508.jpg 768w, https:\/\/moduldizayn.com\/eng\/wp-content\/uploads\/sites\/2\/2023\/07\/askeri_yapilar_askeri_yatakhane.jpg 1280w\" sizes=\"auto, (max-width: 1024px) 100vw, 1024px\" \/><figcaption class=\"wp-element-caption\"><strong>YATAKHANE<\/strong><\/figcaption><\/figure>\n\n\n\n<figure class=\"wp-block-image size-large\"><img loading=\"lazy\" decoding=\"async\" width=\"1024\" height=\"768\" data-id=\"152\" src=\"https:\/\/moduldizayn.com\/eng\/wp-content\/uploads\/sites\/2\/2023\/07\/askeri_yapilar_askeri_yemekhane-1024x768.jpg\" alt=\"\" class=\"wp-image-152\" srcset=\"https:\/\/moduldizayn.com\/eng\/wp-content\/uploads\/sites\/2\/2023\/07\/askeri_yapilar_askeri_yemekhane-1024x768.jpg 1024w, https:\/\/moduldizayn.com\/eng\/wp-content\/uploads\/sites\/2\/2023\/07\/askeri_yapilar_askeri_yemekhane-300x225.jpg 300w, https:\/\/moduldizayn.com\/eng\/wp-content\/uploads\/sites\/2\/2023\/07\/askeri_yapilar_askeri_yemekhane-768x576.jpg 768w, https:\/\/moduldizayn.com\/eng\/wp-content\/uploads\/sites\/2\/2023\/07\/askeri_yapilar_askeri_yemekhane.jpg 1280w\" sizes=\"auto, (max-width: 1024px) 100vw, 1024px\" \/><figcaption class=\"wp-element-caption\"><strong>YEMEKHANE<\/strong><\/figcaption><\/figure>\n<\/figure>\n\n\n<div class=\"wp-block-image\">\n<figure class=\"aligncenter size-full\"><img loading=\"lazy\" decoding=\"async\" width=\"555\" height=\"31\" src=\"https:\/\/moduldizayn.com\/eng\/wp-content\/uploads\/sites\/2\/2023\/07\/cizgi2b.png\" alt=\"\" class=\"wp-image-372\" srcset=\"https:\/\/moduldizayn.com\/eng\/wp-content\/uploads\/sites\/2\/2023\/07\/cizgi2b.png 555w, https:\/\/moduldizayn.com\/eng\/wp-content\/uploads\/sites\/2\/2023\/07\/cizgi2b-300x17.png 300w\" sizes=\"auto, (max-width: 555px) 100vw, 555px\" \/><\/figure>\n<\/div>\n\n\n<p class=\"has-text-align-center\"><a href=\"https:\/\/moduldizayn.com\/eng\/wp-content\/uploads\/sites\/2\/2024\/08\/military_buildings.pdf\" target=\"_blank\" rel=\"noreferrer noopener\"><mark style=\"background-color:rgba(0, 0, 0, 0);color:#fbbc0d\" class=\"has-inline-color\"><strong>Download Military Buildings PDF File >><\/strong><\/mark><\/a><\/p>\n\n\n\n<div data-wp-interactive=\"core\/file\" class=\"wp-block-file\"><object data-wp-bind--hidden=\"!state.hasPdfPreview\" hidden class=\"wp-block-file__embed\" data=\"https:\/\/moduldizayn.com\/eng\/wp-content\/uploads\/sites\/2\/2024\/08\/military_buildings.pdf\" type=\"application\/pdf\" style=\"width:100%;height:600px\" aria-label=\"military_buildings g\u00f6m\u00fcs\u00fc.\"><\/object><a id=\"wp-block-file--media-85ec4982-8571-4b0b-9039-20650bc2a31c\" href=\"https:\/\/moduldizayn.com\/eng\/wp-content\/uploads\/sites\/2\/2024\/08\/military_buildings.pdf\">military_buildings<\/a><a href=\"https:\/\/moduldizayn.com\/eng\/wp-content\/uploads\/sites\/2\/2024\/08\/military_buildings.pdf\" class=\"wp-block-file__button wp-element-button\" download aria-describedby=\"wp-block-file--media-85ec4982-8571-4b0b-9039-20650bc2a31c\">\u0130ndir<\/a><\/div>\n","protected":false},"excerpt":{"rendered":"<p>Download Military Buildings PDF File >><\/p>\n","protected":false},"author":1,"featured_media":0,"parent":0,"menu_order":0,"comment_status":"closed","ping_status":"closed","template":"","meta":{"footnotes":""},"class_list":["post-134","page","type-page","status-publish","hentry"],"_links":{"self":[{"href":"https:\/\/moduldizayn.com\/eng\/wp-json\/wp\/v2\/pages\/134","targetHints":{"allow":["GET"]}}],"collection":[{"href":"https:\/\/moduldizayn.com\/eng\/wp-json\/wp\/v2\/pages"}],"about":[{"href":"https:\/\/moduldizayn.com\/eng\/wp-json\/wp\/v2\/types\/page"}],"author":[{"embeddable":true,"href":"https:\/\/moduldizayn.com\/eng\/wp-json\/wp\/v2\/users\/1"}],"replies":[{"embeddable":true,"href":"https:\/\/moduldizayn.com\/eng\/wp-json\/wp\/v2\/comments?post=134"}],"version-history":[{"count":5,"href":"https:\/\/moduldizayn.com\/eng\/wp-json\/wp\/v2\/pages\/134\/revisions"}],"predecessor-version":[{"id":1315,"href":"https:\/\/moduldizayn.com\/eng\/wp-json\/wp\/v2\/pages\/134\/revisions\/1315"}],"wp:attachment":[{"href":"https:\/\/moduldizayn.com\/eng\/wp-json\/wp\/v2\/media?parent=134"}],"curies":[{"name":"wp","href":"https:\/\/api.w.org\/{rel}","templated":true}]}}