{"id":275,"date":"2023-07-29T13:18:17","date_gmt":"2023-07-29T10:18:17","guid":{"rendered":"https:\/\/moduldizayn.com\/?page_id=275"},"modified":"2024-08-04T21:21:50","modified_gmt":"2024-08-04T18:21:50","slug":"contact","status":"publish","type":"page","link":"https:\/\/moduldizayn.com\/eng\/contact\/","title":{"rendered":"Contact"},"content":{"rendered":"\n<figure class=\"wp-block-table\"><table><tbody><tr><td><strong><h3>\u0130leti\u015fim\u00a0Bilgilerimiz<\/h3><\/strong><strong>MODULD\u0130ZAYN<\/strong> <br><strong>SPOR SANAY\u0130 A.\u015e. <\/strong>Kurulu\u015fudur.<br><br><strong><h3>Ofis\u00a0Bilgilerimiz<\/h3><\/strong><strong>Adres:<\/strong>\u00a0Turgut Reis Mahallesi Demokrasi Caddesi No: 229 TEM Yan Yolu \u00dczeri 34930 Sultanbeyli \u0130stanbul<br><strong>Telefon:<\/strong>\u00a0+90 216 398 16 49<br><strong>Email:<\/strong>\u00a0<a href=\"mailto:sporsanayi@sporsanayi.com\">info@modudizayn.com<\/a><br><br><strong><h3>\u00c7al\u0131\u015fma\u00a0Saatlerimiz<\/h3><\/strong>Pazartesi &#8211; Cuma | 8:30-18:00<br>Cumartesi | 8:30 &#8211; 12:00<br>Pazar | Kapal\u0131<\/td><td><\/td><\/tr><\/tbody><\/table><\/figure>\n","protected":false},"excerpt":{"rendered":"<p>\u0130leti\u015fim\u00a0Bilgilerimiz MODULD\u0130ZAYN SPOR SANAY\u0130 A.\u015e. Kurulu\u015fudur. Ofis\u00a0Bilgilerimiz Adres:\u00a0Turgut Reis Mahallesi Demokrasi Caddesi No: 229 TEM Yan Yolu \u00dczeri 34930 Sultanbeyli<\/p>\n","protected":false},"author":1,"featured_media":0,"parent":0,"menu_order":0,"comment_status":"closed","ping_status":"closed","template":"","meta":{"footnotes":""},"class_list":["post-275","page","type-page","status-publish","hentry"],"_links":{"self":[{"href":"https:\/\/moduldizayn.com\/eng\/wp-json\/wp\/v2\/pages\/275","targetHints":{"allow":["GET"]}}],"collection":[{"href":"https:\/\/moduldizayn.com\/eng\/wp-json\/wp\/v2\/pages"}],"about":[{"href":"https:\/\/moduldizayn.com\/eng\/wp-json\/wp\/v2\/types\/page"}],"author":[{"embeddable":true,"href":"https:\/\/moduldizayn.com\/eng\/wp-json\/wp\/v2\/users\/1"}],"replies":[{"embeddable":true,"href":"https:\/\/moduldizayn.com\/eng\/wp-json\/wp\/v2\/comments?post=275"}],"version-history":[{"count":1,"href":"https:\/\/moduldizayn.com\/eng\/wp-json\/wp\/v2\/pages\/275\/revisions"}],"predecessor-version":[{"id":1170,"href":"https:\/\/moduldizayn.com\/eng\/wp-json\/wp\/v2\/pages\/275\/revisions\/1170"}],"wp:attachment":[{"href":"https:\/\/moduldizayn.com\/eng\/wp-json\/wp\/v2\/media?parent=275"}],"curies":[{"name":"wp","href":"https:\/\/api.w.org\/{rel}","templated":true}]}}