{"id":560,"date":"2023-08-05T09:29:21","date_gmt":"2023-08-05T06:29:21","guid":{"rendered":"https:\/\/moduldizayn.com\/?page_id=560"},"modified":"2024-08-04T21:21:50","modified_gmt":"2024-08-04T18:21:50","slug":"work-and-service","status":"publish","type":"page","link":"https:\/\/moduldizayn.com\/eng\/institutional\/work-and-service\/","title":{"rendered":"Work and service"},"content":{"rendered":"\n<p><strong>\u00c7ALI\u015eMA ALANLARIMIZ<br><\/strong>Aluminyum ta\u015f\u0131y\u0131c\u0131 profilin kal\u0131plar\u0131 firmam\u0131za ait olup yap\u0131sal binalarda uzun a\u00e7\u0131kl\u0131klar ge\u00e7ilebilir. Bina y\u00fczeylerimizde kullan\u0131lan PVC kuma\u015flar\u0131m\u0131z kaliteden asla \u00f6d\u00fcn verilmeden \u015firketimize \u00f6zel sekt\u00f6r\u00fcnde Avrupan\u0131n en b\u00fcy\u00fck \u00fcretim tesislerinde y\u00fcksek standartlara g\u00f6re \u00fcretilmi\u015ftir. Malzemelerimiz uluslararas\u0131 \u00fclke standartlar\u0131na uygun -40 ile + 55 derece aras\u0131nda \u0131s\u0131 yal\u0131t\u0131m\u0131, en g\u00fc\u00e7l\u00fc r\u00fczgar ve sismik ko\u015fullar\u0131na g\u00f6re \u00fcretim yap\u0131l\u0131p montaj a\u015famalar\u0131nda s\u00fcperviz\u00f6r kontrollerinde yap\u0131lar\u0131m\u0131z\u0131 bitirip taahh\u00fct edilen s\u00fcrede m\u00fc\u015fterimize teslim edilir. Binalar\u0131m\u0131z i\u00e7 yap\u0131l\u0131nda konular\u0131nda uzman deneyimli m\u00fchendislerimizle Elektrik, mekanik (\u0131s\u0131tma, havaland\u0131rma, So\u011futma) y\u00fczeysel yal\u0131t\u0131m, mod\u00fcler ya\u015fam alanlar\u0131 \u00fcretimini yaparak bir b\u00fct\u00fcnl\u00fck i\u00e7inde tamamlanmaktad\u0131r. Binam\u0131zda d\u0131\u015f mekandan i\u00e7 mekana ses izolasyonu, bol \u0131\u015f\u0131k, uzun tavan, geni\u015f a\u00e7\u0131kl\u0131k, modern ya\u015fam alanlar\u0131, duvar ve tavanlarda cam \u2013panel veya ah\u015fap alternatifleri ile tesisimizi defalarca ba\u015fka alanlara \u00e7ok k\u0131sa s\u00fcrede \u00fcr\u00fcne zayiat vermeden s\u00f6k\u00fcl\u00fcp tekrar kurulabilir \u015fekilde m\u00fchendislerimiz taraf\u0131ndan \u00fcretim ve montaj dizaynlar\u0131 yap\u0131lm\u0131\u015ft\u0131r.<br>Her t\u00fcrl\u00fc alana kurulabilme \u00f6zelli\u011fine sahiptir. (e\u011fimli araziler, da\u011f, deniz kenar\u0131, \u00e7im \u00fczeri, sit alanlar\u0131) Kal\u0131c\u0131 in\u015faatlara izin verilmeyen imara kapal\u0131 koruma alt\u0131na al\u0131nm\u0131\u015f arazilerde temel yap\u0131m\u0131 uygulamas\u0131 gerektirmeyen teknolojisi ile rahatl\u0131kla k\u0131sa s\u00fcrede in\u015fa edilir.<br>Aluminyum binalar\u0131m\u0131zda, dome yap\u0131larda \u00fcretim alternatiflerimiz ile mimarlar i\u00e7in s\u0131n\u0131rs\u0131z tasar\u0131m hizmeti alma \u015fans\u0131 sunmaktay\u0131z.<\/p>\n\n\n\n\n\n\n\n<title><\/title>\n\n\n\n<br><strong>H\u0130ZMET ALANLARIMIZ<br data-rich-text-line-break=\"true\"><\/strong>\n<ul>\n<li><b><span>SPOR SALONLARI<\/span><\/b><span><br><\/span>\n<ul>\n<li><span>Y\u00fczme Havuzlar\u0131<\/span><span><\/span><\/li>\n<li><span>Basketbol Salonlar\u0131<\/span><span><\/span><\/li>\n<li><span>Voleybol Salonlar\u0131<\/span><span><\/span><\/li>\n<li><span>Tenis Kortlar\u0131<\/span><span><\/span><\/li>\n<li><span>Hentbol Salonlar\u0131<\/span><br><\/li>\n<\/ul>\n<\/li>\n<\/ul>\n<ul>\n<li><b><span>ALUM\u0130NYUM YAPILAR<\/span><\/b><b><span> &#8211; K\u00dcLT\u00dcREL YAPILAR<\/span><\/b><b><span><\/span><\/b><span><br><\/span>\n<ul>\n<li><span>Konser Salonlar\u0131<\/span><span><\/span><\/li>\n<li><span>Tiyatro Salonlar\u0131<\/span><span><\/span><\/li>\n<li><span>\u00c7ocuk Oyun Parklar\u0131<\/span><br><\/li>\n<\/ul>\n<\/li>\n<\/ul>\n<ul>\n<li><b><span>SPOR K\u00d6YLER\u0130<\/span><\/b><b><span> &#8211; DOME YAPILAR<\/span><\/b><span><br><\/span>\n<ul>\n<li><span>Fuar Merkezleri<\/span><span><\/span><\/li>\n<li><span>Cami<\/span><br><\/li>\n<\/ul>\n<\/li>\n<\/ul>\n<ul>\n<li><b><span>MOB\u0130L OTELLER<\/span><\/b><b><span> &#8211; MOB\u0130L YA\u015eAM ALANLARI<\/span><\/b><span><br><\/span>\n<ul>\n<li><span>Wc-Du\u015f<\/span><span><\/span><\/li>\n<li><span>Giyinme Alan\u0131<\/span><span><\/span><\/li>\n<li><span>Revir<\/span><span><\/span><\/li>\n<li><span>Bekleme Salonlar\u0131<\/span><br><\/li>\n<\/ul>\n<\/li>\n<\/ul>\n<ul>\n<li><b><span>\u00d6\u011eRENC\u0130 YURTLARI<\/span><\/b><span><br><\/span>\n<ul>\n<li><span>Yemekhane<\/span><span><\/span><\/li>\n<li><span>K\u00fct\u00fcphane<\/span><span><\/span><\/li>\n<li><span>Yurt<\/span><br><\/li>\n<\/ul>\n<\/li>\n<\/ul>\n<ul>\n<li><b><span>T\u0130CAR\u0130 YAPILAR<\/span><\/b><span><br><\/span>\n<ul>\n<li><span>Belediye Pazar yerleri<\/span><span><\/span><\/li>\n<li><span>Havaalan\u0131 kargo hangar\u0131<\/span><span><\/span><\/li>\n<li><span>Ara\u00e7 Lansman Merkezleri<\/span><span><\/span><\/li>\n<li><span>Fabrika \u00dcretim Merkezleri<\/span><span><\/span><\/li>\n<li><span>\u0130tfaiye Binalar\u0131<\/span><span><\/span><\/li>\n<li><span>Filim St\u00fcdyolar\u0131<\/span><span><\/span><\/li>\n<li><span>Afet Binalar\u0131<\/span><span><\/span><\/li>\n<li><span>Showroom ofis<\/span><span><\/span><\/li>\n<li><span>Otomotiv imalat binalar\u0131<\/span><br><\/li>\n<\/ul>\n<\/li>\n<\/ul>\n<ul>\n<li><b><span>ASKER\u0130 YAPILAR<\/span><\/b><b><span><\/span><\/b><span><br><\/span>\n<ul>\n<li><span>Sahra Hastane<\/span><span><\/span><\/li>\n<li><span>Yemekhane<\/span><span><\/span><\/li>\n<li><span>Toplant\u0131 Salonlar\u0131<\/span><\/li>\n<\/ul>\n<p><br>\n<\/p>\n<\/li>\n<\/ul>\n\n\n","protected":false},"excerpt":{"rendered":"<p>\u00c7ALI\u015eMA ALANLARIMIZAluminyum ta\u015f\u0131y\u0131c\u0131 profilin kal\u0131plar\u0131 firmam\u0131za ait olup yap\u0131sal binalarda uzun a\u00e7\u0131kl\u0131klar ge\u00e7ilebilir. Bina y\u00fczeylerimizde kullan\u0131lan PVC kuma\u015flar\u0131m\u0131z kaliteden asla<\/p>\n","protected":false},"author":1,"featured_media":0,"parent":273,"menu_order":0,"comment_status":"closed","ping_status":"closed","template":"","meta":{"footnotes":""},"class_list":["post-560","page","type-page","status-publish","hentry"],"_links":{"self":[{"href":"https:\/\/moduldizayn.com\/eng\/wp-json\/wp\/v2\/pages\/560","targetHints":{"allow":["GET"]}}],"collection":[{"href":"https:\/\/moduldizayn.com\/eng\/wp-json\/wp\/v2\/pages"}],"about":[{"href":"https:\/\/moduldizayn.com\/eng\/wp-json\/wp\/v2\/types\/page"}],"author":[{"embeddable":true,"href":"https:\/\/moduldizayn.com\/eng\/wp-json\/wp\/v2\/users\/1"}],"replies":[{"embeddable":true,"href":"https:\/\/moduldizayn.com\/eng\/wp-json\/wp\/v2\/comments?post=560"}],"version-history":[{"count":1,"href":"https:\/\/moduldizayn.com\/eng\/wp-json\/wp\/v2\/pages\/560\/revisions"}],"predecessor-version":[{"id":1173,"href":"https:\/\/moduldizayn.com\/eng\/wp-json\/wp\/v2\/pages\/560\/revisions\/1173"}],"up":[{"embeddable":true,"href":"https:\/\/moduldizayn.com\/eng\/wp-json\/wp\/v2\/pages\/273"}],"wp:attachment":[{"href":"https:\/\/moduldizayn.com\/eng\/wp-json\/wp\/v2\/media?parent=560"}],"curies":[{"name":"wp","href":"https:\/\/api.w.org\/{rel}","templated":true}]}}