{"id":562,"date":"2023-08-05T09:32:10","date_gmt":"2023-08-05T06:32:10","guid":{"rendered":"https:\/\/moduldizayn.com\/?page_id=562"},"modified":"2024-08-04T21:21:50","modified_gmt":"2024-08-04T18:21:50","slug":"company-profile","status":"publish","type":"page","link":"https:\/\/moduldizayn.com\/eng\/institutional\/company-profile\/","title":{"rendered":"Company profile"},"content":{"rendered":"\n<p>Spor Sanayi A.\u015e. i\u015ftiraki olan \u015firketimiz 2017 y\u0131l\u0131nda mod\u00fcler \u00e7elik ve al\u00fcminyum yap\u0131lar \u00fcretim ve pazarlamas\u0131n\u0131 yaparak sekt\u00f6re girmi\u015ftir.<br>\u015eirketimiz bu alanda ulusal ve uluslararas\u0131 spor organizasyonlar\u0131na hizmet vermektedir.<br>Olimpiyat oyunlar\u0131 komitesi ve Uluslararas\u0131 Spor Organizasyonlar\u0131nda talep edilen s\u00f6k\u00fcl\u00fcp tak\u0131labilir mod\u00fcler spor tesisleri \u00fcretimi ve montaj\u0131n\u0131 da ba\u015far\u0131 ile yapmaktad\u0131r.<br>T\u00fcm bu hizmetlerin projelendirilme ve \u00fcretim montaj a\u015famas\u0131 dal\u0131nda uzman akademisyen ekibimizin , Arge ve teknik ekibi taraf\u0131ndan takip edilmektedir. T\u00fcm projelerimiz teknik \u00fcniversite onayl\u0131d\u0131r.<br>Malzeme bilimi ve teknoloji \u0131\u015f\u0131\u011f\u0131nda d\u00fcnya sekt\u00f6rel yeniliklerini takip ederek kendi Arge mizde yeni tasar\u0131mlarla ihtiya\u00e7lar\u0131 gidermenin pratik ve do\u011fru \u00e7\u00f6z\u00fcm yollar\u0131n\u0131 bulmaya \u00e7al\u0131\u015fmaktay\u0131z.<\/p>\n\n\n\n<p>Teknolojik geli\u015fmelerin hayat\u0131n ak\u0131\u015f\u0131n\u0131 s\u00fcrekli de\u011fi\u015ftirdi\u011fi g\u00fcn\u00fcm\u00fczde bu teknolojik yeniliklere a\u00e7\u0131k olarak kaliteyi de b\u00fcnyesinde sentezleyip piyasaya y\u00f6n verebilen bir firma olmak hayli g\u00fc\u00e7t\u00fcr.<br>\u015eirketimiz kurulu\u015fundan bug\u00fcne g\u00f6rev ald\u0131\u011f\u0131 t\u00fcm organizasyonlarda en y\u00fcksek performans\u0131 g\u00f6stermi\u015f ve b\u00fcy\u00fck ba\u015far\u0131lara imzas\u0131n\u0131 atm\u0131\u015ft\u0131r.<br>T\u00fcm bu yorucu \u00e7al\u0131\u015fmalardan sonra bize g\u00fc\u00e7 veren \u015fey ise m\u00fc\u015fteri memnuniyeti ve ba\u015farma duygusunun verdi\u011fi mutluluktur.<br>Y\u00f6netim Kurulu Ba\u015fkan\u0131, Ya\u015far MERAL<\/p>\n","protected":false},"excerpt":{"rendered":"<p>Spor Sanayi A.\u015e. i\u015ftiraki olan \u015firketimiz 2017 y\u0131l\u0131nda mod\u00fcler \u00e7elik ve al\u00fcminyum yap\u0131lar \u00fcretim ve pazarlamas\u0131n\u0131 yaparak sekt\u00f6re girmi\u015ftir.\u015eirketimiz bu<\/p>\n","protected":false},"author":1,"featured_media":0,"parent":273,"menu_order":0,"comment_status":"closed","ping_status":"closed","template":"","meta":{"footnotes":""},"class_list":["post-562","page","type-page","status-publish","hentry"],"_links":{"self":[{"href":"https:\/\/moduldizayn.com\/eng\/wp-json\/wp\/v2\/pages\/562","targetHints":{"allow":["GET"]}}],"collection":[{"href":"https:\/\/moduldizayn.com\/eng\/wp-json\/wp\/v2\/pages"}],"about":[{"href":"https:\/\/moduldizayn.com\/eng\/wp-json\/wp\/v2\/types\/page"}],"author":[{"embeddable":true,"href":"https:\/\/moduldizayn.com\/eng\/wp-json\/wp\/v2\/users\/1"}],"replies":[{"embeddable":true,"href":"https:\/\/moduldizayn.com\/eng\/wp-json\/wp\/v2\/comments?post=562"}],"version-history":[{"count":2,"href":"https:\/\/moduldizayn.com\/eng\/wp-json\/wp\/v2\/pages\/562\/revisions"}],"predecessor-version":[{"id":1179,"href":"https:\/\/moduldizayn.com\/eng\/wp-json\/wp\/v2\/pages\/562\/revisions\/1179"}],"up":[{"embeddable":true,"href":"https:\/\/moduldizayn.com\/eng\/wp-json\/wp\/v2\/pages\/273"}],"wp:attachment":[{"href":"https:\/\/moduldizayn.com\/eng\/wp-json\/wp\/v2\/media?parent=562"}],"curies":[{"name":"wp","href":"https:\/\/api.w.org\/{rel}","templated":true}]}}