{"id":564,"date":"2023-08-05T09:33:45","date_gmt":"2023-08-05T06:33:45","guid":{"rendered":"https:\/\/moduldizayn.com\/?page_id=564"},"modified":"2024-08-04T21:21:50","modified_gmt":"2024-08-04T18:21:50","slug":"mission-vision","status":"publish","type":"page","link":"https:\/\/moduldizayn.com\/eng\/institutional\/mission-vision\/","title":{"rendered":"mission-vision"},"content":{"rendered":"\n<p>Teknolojik geli\u015fmelerin hayat\u0131m\u0131z\u0131n ak\u0131\u015f\u0131n\u0131 s\u00fcrekli de\u011fi\u015ftirdi\u011fi bu g\u00fcnlerde se\u00e7kin bir firma sahibi olabilmek ger\u00e7ekten g\u00fc\u00e7t\u00fcr. Hem kendi birikimlerine \u00f6zg\u00fcven duymak, hem de teknolojik yeniliklere a\u00e7\u0131k olmak. Bunlar\u0131 b\u00fcnyesinde sentezleyerek piyasaya y\u00f6n verebilen bir firma olmak \u00e7ok daha g\u00fc\u00e7t\u00fcr.<br>Spor Sanayi A.\u015e. i\u015ftiraki olan \u015firketimiz kurulu\u015fundan bug\u00fcne g\u00f6rev ald\u0131\u011f\u0131 t\u00fcm organizasyonlarda en y\u00fcksek performans\u0131 g\u00f6stermi\u015f ve b\u00fcy\u00fck ba\u015far\u0131lara imzas\u0131n\u0131 atm\u0131\u015ft\u0131r. Bu da hakl\u0131 olarak firmam\u0131z\u0131n ismini ve yerini sa\u011flamla\u015ft\u0131rm\u0131\u015ft\u0131r. \u00d6yle ki art\u0131k bir projenin tesliminde ismimizin hakk\u0131n\u0131 vermek, \u00e7al\u0131\u015ft\u0131\u011f\u0131m\u0131z kurumlardan ald\u0131\u011f\u0131m\u0131z \u00f6zg\u00fcveni korumak bizim i\u00e7in en \u00f6nde gelen bir sorumluluk olmu\u015ftur.<br>\u0130\u015fimiz de\u011fi\u015fik mekanlarda farkl\u0131 ama\u00e7lara y\u00f6nelik projeler \u00fcretmede zamanla yar\u0131\u015fmaktad\u0131r. Bunda as\u0131l olan\u0131n tasarlanan projenin amaca y\u00f6nelik en do\u011fru ve kullan\u0131\u015fl\u0131 \u015feklini \u00fcretmek oldu\u011funu da biliyoruz. Bu ama\u00e7la kendi ar-ge\u2019mizde yeni tasar\u0131mlarla ihtiya\u00e7lar\u0131 gidermenin pratik ve do\u011fru \u00e7\u00f6z\u00fcm yollar\u0131n\u0131 buluyoruz ve gerekti\u011finde uzman firmalar\u0131n teknolojik ortakl\u0131klar\u0131yla i\u015f birli\u011fi yap\u0131yoruz. \u0130\u015fte bunlar\u0131n ger\u00e7ekle\u015ftirilmesi de y\u0131llar\u0131n deneyimi ve uzman kadrosu ile Spor Sanayi i\u00e7in ula\u015f\u0131lmas\u0131 gereken temel bir ama\u00e7t\u0131r.<br>T\u00fcm bu yorucu \u00e7al\u0131\u015fmalardan sonra bize g\u00fc\u00e7 veren \u015fey ise m\u00fc\u015fteri memnuniyeti ve ba\u015farma duygusunun verdi\u011fi mutluluktur.<\/p>\n","protected":false},"excerpt":{"rendered":"<p>Teknolojik geli\u015fmelerin hayat\u0131m\u0131z\u0131n ak\u0131\u015f\u0131n\u0131 s\u00fcrekli de\u011fi\u015ftirdi\u011fi bu g\u00fcnlerde se\u00e7kin bir firma sahibi olabilmek ger\u00e7ekten g\u00fc\u00e7t\u00fcr. Hem kendi birikimlerine \u00f6zg\u00fcven duymak,<\/p>\n","protected":false},"author":1,"featured_media":0,"parent":273,"menu_order":0,"comment_status":"closed","ping_status":"closed","template":"","meta":{"footnotes":""},"class_list":["post-564","page","type-page","status-publish","hentry"],"_links":{"self":[{"href":"https:\/\/moduldizayn.com\/eng\/wp-json\/wp\/v2\/pages\/564","targetHints":{"allow":["GET"]}}],"collection":[{"href":"https:\/\/moduldizayn.com\/eng\/wp-json\/wp\/v2\/pages"}],"about":[{"href":"https:\/\/moduldizayn.com\/eng\/wp-json\/wp\/v2\/types\/page"}],"author":[{"embeddable":true,"href":"https:\/\/moduldizayn.com\/eng\/wp-json\/wp\/v2\/users\/1"}],"replies":[{"embeddable":true,"href":"https:\/\/moduldizayn.com\/eng\/wp-json\/wp\/v2\/comments?post=564"}],"version-history":[{"count":2,"href":"https:\/\/moduldizayn.com\/eng\/wp-json\/wp\/v2\/pages\/564\/revisions"}],"predecessor-version":[{"id":1177,"href":"https:\/\/moduldizayn.com\/eng\/wp-json\/wp\/v2\/pages\/564\/revisions\/1177"}],"up":[{"embeddable":true,"href":"https:\/\/moduldizayn.com\/eng\/wp-json\/wp\/v2\/pages\/273"}],"wp:attachment":[{"href":"https:\/\/moduldizayn.com\/eng\/wp-json\/wp\/v2\/media?parent=564"}],"curies":[{"name":"wp","href":"https:\/\/api.w.org\/{rel}","templated":true}]}}