{"id":566,"date":"2023-08-05T09:35:20","date_gmt":"2023-08-05T06:35:20","guid":{"rendered":"https:\/\/moduldizayn.com\/?page_id=566"},"modified":"2024-08-04T21:21:50","modified_gmt":"2024-08-04T18:21:50","slug":"our-environmental-policy","status":"publish","type":"page","link":"https:\/\/moduldizayn.com\/eng\/institutional\/our-environmental-policy\/","title":{"rendered":"Our environmental policy"},"content":{"rendered":"\n<p>Mod\u00fcl Dizayn olarak faaliyet g\u00f6sterdi\u011fimiz alanda;<br>\u0130lgili t\u00fcm yasa ve y\u00f6netmeliklerle belirlenen standartlar\u0131 sa\u011flamak.<br>Do\u011fal kaynak kullan\u0131m\u0131n\u0131 azaltmak ve m\u00fcmk\u00fcn oldu\u011funca tekrar kullan\u0131labilir ve geri d\u00f6n\u00fc\u015ft\u00fcr\u00fclebilir materyallerin t\u00fcketimine y\u00f6nelmek.<br>Hizmet esnas\u0131nda ve di\u011fer faaliyetlerimizden kaynaklanan at\u0131klar\u0131, uygulanabildi\u011fi her durumda ve her sahada en aza indirmek.<br>Yat\u0131r\u0131m kararlar\u0131 al\u0131n\u0131rken, \u00e7evresel k\u0131staslar\u0131 dikkate almak.<br>T\u00fcm faaliyetlerimizde, bunlar\u0131n \u00e7evreye olabilecek etkileri konusunda tedbirli ve dikkatli davranmak.<br>Bir \u00e7evre y\u00f6netim sistemi geli\u015ftirip, bu sistemin etkin olmas\u0131n\u0131 ve g\u00fcncel tutulmas\u0131n\u0131 sa\u011flamak.<br>Acil Durum Riskleri\u2019ni azaltmak.<br>\u00c7evrenin korunmas\u0131 ile ilgili olarak t\u00fcm personelin e\u011fitilmesini sa\u011flamak.<br>\u201dISO 14001 \u00c7EVRE Y\u00d6NET\u0130M S\u0130STEM\u0130\u201cnin t\u00fcm gereklerini yerine getirmek.<br>\u0130\u015fimizle ilgili \u00fc\u00e7\u00fcnc\u00fc \u015fah\u0131slara, \u015firketimize mal ve hizmet veren teslimat\u00e7\u0131lar\u0131m\u0131za ve ta\u015feronlar\u0131m\u0131za da sistemimize benzer \u00e7evresel standartlar\u0131 uygulamalar\u0131 konusunda tavsiye ve telkinde bulunmak.<br>\u00c7evre Y\u00f6netim Sistemimizi S\u00fcrekli Iyile\u015ftirmek, \u00e7evrede yol a\u00e7t\u0131\u011f\u0131m\u0131z kirlenmeyi \u00f6nlemek.\u00c7evre Y\u00f6netim Sistemi Politikam\u0131zd\u0131r.<\/p>\n","protected":false},"excerpt":{"rendered":"<p>Mod\u00fcl Dizayn olarak faaliyet g\u00f6sterdi\u011fimiz alanda;\u0130lgili t\u00fcm yasa ve y\u00f6netmeliklerle belirlenen standartlar\u0131 sa\u011flamak.Do\u011fal kaynak kullan\u0131m\u0131n\u0131 azaltmak ve m\u00fcmk\u00fcn oldu\u011funca tekrar<\/p>\n","protected":false},"author":1,"featured_media":0,"parent":273,"menu_order":0,"comment_status":"closed","ping_status":"closed","template":"","meta":{"footnotes":""},"class_list":["post-566","page","type-page","status-publish","hentry"],"_links":{"self":[{"href":"https:\/\/moduldizayn.com\/eng\/wp-json\/wp\/v2\/pages\/566","targetHints":{"allow":["GET"]}}],"collection":[{"href":"https:\/\/moduldizayn.com\/eng\/wp-json\/wp\/v2\/pages"}],"about":[{"href":"https:\/\/moduldizayn.com\/eng\/wp-json\/wp\/v2\/types\/page"}],"author":[{"embeddable":true,"href":"https:\/\/moduldizayn.com\/eng\/wp-json\/wp\/v2\/users\/1"}],"replies":[{"embeddable":true,"href":"https:\/\/moduldizayn.com\/eng\/wp-json\/wp\/v2\/comments?post=566"}],"version-history":[{"count":2,"href":"https:\/\/moduldizayn.com\/eng\/wp-json\/wp\/v2\/pages\/566\/revisions"}],"predecessor-version":[{"id":1175,"href":"https:\/\/moduldizayn.com\/eng\/wp-json\/wp\/v2\/pages\/566\/revisions\/1175"}],"up":[{"embeddable":true,"href":"https:\/\/moduldizayn.com\/eng\/wp-json\/wp\/v2\/pages\/273"}],"wp:attachment":[{"href":"https:\/\/moduldizayn.com\/eng\/wp-json\/wp\/v2\/media?parent=566"}],"curies":[{"name":"wp","href":"https:\/\/api.w.org\/{rel}","templated":true}]}}