{"id":84,"date":"2023-07-29T09:37:49","date_gmt":"2023-07-29T06:37:49","guid":{"rendered":"https:\/\/moduldizayn.com\/?page_id=84"},"modified":"2024-08-11T11:22:40","modified_gmt":"2024-08-11T08:22:40","slug":"swimming-pools","status":"publish","type":"page","link":"https:\/\/moduldizayn.com\/eng\/swimming-pools\/","title":{"rendered":"Swimming pools"},"content":{"rendered":"\n<figure class=\"wp-block-gallery has-nested-images columns-default is-cropped wp-block-gallery-1 is-layout-flex wp-block-gallery-is-layout-flex\">\n<figure class=\"wp-block-image size-large\"><img loading=\"lazy\" decoding=\"async\" width=\"1024\" height=\"578\" data-id=\"53\" src=\"https:\/\/moduldizayn.com\/eng\/wp-content\/uploads\/sites\/2\/2023\/07\/yuzme_havuzlari_15-1024x578.jpg\" alt=\"\" class=\"wp-image-53\" srcset=\"https:\/\/moduldizayn.com\/eng\/wp-content\/uploads\/sites\/2\/2023\/07\/yuzme_havuzlari_15-1024x578.jpg 1024w, https:\/\/moduldizayn.com\/eng\/wp-content\/uploads\/sites\/2\/2023\/07\/yuzme_havuzlari_15-300x169.jpg 300w, https:\/\/moduldizayn.com\/eng\/wp-content\/uploads\/sites\/2\/2023\/07\/yuzme_havuzlari_15-768x433.jpg 768w, https:\/\/moduldizayn.com\/eng\/wp-content\/uploads\/sites\/2\/2023\/07\/yuzme_havuzlari_15.jpg 1258w\" sizes=\"auto, (max-width: 1024px) 100vw, 1024px\" \/><\/figure>\n\n\n\n<figure class=\"wp-block-image size-large\"><img loading=\"lazy\" decoding=\"async\" width=\"1024\" height=\"578\" data-id=\"52\" src=\"https:\/\/moduldizayn.com\/eng\/wp-content\/uploads\/sites\/2\/2023\/07\/yuzme_havuzlari_14-1024x578.jpg\" alt=\"\" class=\"wp-image-52\" srcset=\"https:\/\/moduldizayn.com\/eng\/wp-content\/uploads\/sites\/2\/2023\/07\/yuzme_havuzlari_14-1024x578.jpg 1024w, https:\/\/moduldizayn.com\/eng\/wp-content\/uploads\/sites\/2\/2023\/07\/yuzme_havuzlari_14-300x169.jpg 300w, https:\/\/moduldizayn.com\/eng\/wp-content\/uploads\/sites\/2\/2023\/07\/yuzme_havuzlari_14-768x433.jpg 768w, https:\/\/moduldizayn.com\/eng\/wp-content\/uploads\/sites\/2\/2023\/07\/yuzme_havuzlari_14.jpg 1258w\" sizes=\"auto, (max-width: 1024px) 100vw, 1024px\" \/><\/figure>\n<\/figure>\n\n\n<div class=\"wp-block-image\">\n<figure class=\"aligncenter size-full\"><img loading=\"lazy\" decoding=\"async\" width=\"555\" height=\"31\" src=\"https:\/\/moduldizayn.com\/eng\/wp-content\/uploads\/sites\/2\/2023\/07\/cizgi2b.png\" alt=\"\" class=\"wp-image-372\" srcset=\"https:\/\/moduldizayn.com\/eng\/wp-content\/uploads\/sites\/2\/2023\/07\/cizgi2b.png 555w, https:\/\/moduldizayn.com\/eng\/wp-content\/uploads\/sites\/2\/2023\/07\/cizgi2b-300x17.png 300w\" sizes=\"auto, (max-width: 555px) 100vw, 555px\" \/><\/figure>\n<\/div>\n\n\n<p class=\"has-text-align-center\"><a href=\"https:\/\/moduldizayn.com\/eng\/wp-content\/uploads\/sites\/2\/2024\/08\/moduler_yuzme_havuzlari_sunum_eng.pdf\" target=\"_blank\" rel=\"noreferrer noopener\"><strong><mark style=\"background-color:rgba(0, 0, 0, 0)\" class=\"has-inline-color has-luminous-vivid-orange-color\">GYM MANUFACTURING PICTURES ERZURUM METROPOLITAN MUNICIPALITY 2 SEMI OLYMPIC SWIMMING POOLS1 MULTI-PURPOSE BASKETBALL HALLS PDF Download &gt;&gt;<\/mark><\/strong><\/a><\/p>\n\n\n\n<div data-wp-interactive=\"core\/file\" class=\"wp-block-file\"><object data-wp-bind--hidden=\"!state.hasPdfPreview\" hidden class=\"wp-block-file__embed\" data=\"https:\/\/moduldizayn.com\/eng\/wp-content\/uploads\/sites\/2\/2024\/08\/moduler_yuzme_havuzlari_sunum_eng.pdf\" type=\"application\/pdf\" style=\"width:100%;height:600px\" aria-label=\"&lt;strong&gt;&lt;mark style=&quot;background-color:rgba(0, 0, 0, 0)&quot; class=&quot;has-inline-color has-luminous-vivid-orange-color&quot;&gt;GYM MANUFACTURING PICTURES ERZURUM METROPOLITAN MUNICIPALITY 2 SEMI OLYMPIC SWIMMING POOLS1 MULTI-PURPOSE BASKETBALL HALLS PDF Download &gt;&gt;&lt;\/mark&gt;&lt;\/strong&gt; g\u00f6m\u00fcs\u00fc.\"><\/object><a id=\"wp-block-file--media-13d11a04-2ca6-424c-b383-814ea1dfb06b\" href=\"https:\/\/moduldizayn.com\/eng\/wp-content\/uploads\/sites\/2\/2024\/08\/moduler_yuzme_havuzlari_sunum_eng.pdf\"><strong><mark style=\"background-color:rgba(0, 0, 0, 0)\" class=\"has-inline-color has-luminous-vivid-orange-color\">GYM MANUFACTURING PICTURES ERZURUM METROPOLITAN MUNICIPALITY 2 SEMI OLYMPIC SWIMMING POOLS1 MULTI-PURPOSE BASKETBALL HALLS PDF Download >><\/mark><\/strong><\/a><a href=\"https:\/\/moduldizayn.com\/eng\/wp-content\/uploads\/sites\/2\/2024\/08\/moduler_yuzme_havuzlari_sunum_eng.pdf\" class=\"wp-block-file__button wp-element-button\" download aria-describedby=\"wp-block-file--media-13d11a04-2ca6-424c-b383-814ea1dfb06b\">\u0130ndir<\/a><\/div>\n\n\n<div class=\"wp-block-image\">\n<figure class=\"aligncenter size-large is-resized\"><a href=\"https:\/\/moduldizayn.com\/eng\/wp-content\/uploads\/sites\/2\/2023\/08\/tip_1_koy_tipi_yuzme_havuzu.jpg\" target=\"_blank\" rel=\"noreferrer noopener\"><img loading=\"lazy\" decoding=\"async\" width=\"1024\" height=\"724\" src=\"https:\/\/moduldizayn.com\/eng\/wp-content\/uploads\/sites\/2\/2023\/08\/tip_1_koy_tipi_yuzme_havuzu-1024x724.jpg\" alt=\"T\u0130P 1 K\u00d6Y T\u0130P\u0130 Y\u00dcZME HAVUZU\" class=\"wp-image-625\" style=\"width:839px;height:592px\" srcset=\"https:\/\/moduldizayn.com\/eng\/wp-content\/uploads\/sites\/2\/2023\/08\/tip_1_koy_tipi_yuzme_havuzu-1024x724.jpg 1024w, https:\/\/moduldizayn.com\/eng\/wp-content\/uploads\/sites\/2\/2023\/08\/tip_1_koy_tipi_yuzme_havuzu-300x212.jpg 300w, https:\/\/moduldizayn.com\/eng\/wp-content\/uploads\/sites\/2\/2023\/08\/tip_1_koy_tipi_yuzme_havuzu-768x543.jpg 768w, https:\/\/moduldizayn.com\/eng\/wp-content\/uploads\/sites\/2\/2023\/08\/tip_1_koy_tipi_yuzme_havuzu.jpg 1169w\" sizes=\"auto, (max-width: 1024px) 100vw, 1024px\" \/><\/a><\/figure>\n<\/div>\n\n<div class=\"wp-block-image\">\n<figure class=\"aligncenter size-full\"><img loading=\"lazy\" decoding=\"async\" width=\"555\" height=\"31\" src=\"https:\/\/moduldizayn.com\/eng\/wp-content\/uploads\/sites\/2\/2023\/07\/cizgi2b.png\" alt=\"\" class=\"wp-image-372\" srcset=\"https:\/\/moduldizayn.com\/eng\/wp-content\/uploads\/sites\/2\/2023\/07\/cizgi2b.png 555w, https:\/\/moduldizayn.com\/eng\/wp-content\/uploads\/sites\/2\/2023\/07\/cizgi2b-300x17.png 300w\" sizes=\"auto, (max-width: 555px) 100vw, 555px\" \/><\/figure>\n<\/div>\n\n<div class=\"wp-block-image\">\n<figure class=\"aligncenter size-large\"><a href=\"https:\/\/moduldizayn.com\/eng\/wp-content\/uploads\/sites\/2\/2023\/08\/tip_2_ilce_tipi_yuzme_havuzu.jpg\" target=\"_blank\" rel=\"noreferrer noopener\"><img loading=\"lazy\" decoding=\"async\" width=\"1024\" height=\"724\" src=\"https:\/\/moduldizayn.com\/eng\/wp-content\/uploads\/sites\/2\/2023\/08\/tip_2_ilce_tipi_yuzme_havuzu-1024x724.jpg\" alt=\"T\u0130P 2 \u0130L\u00c7E T\u0130P\u0130 Y\u00dcZME HAVUZU\" class=\"wp-image-626\" srcset=\"https:\/\/moduldizayn.com\/eng\/wp-content\/uploads\/sites\/2\/2023\/08\/tip_2_ilce_tipi_yuzme_havuzu-1024x724.jpg 1024w, https:\/\/moduldizayn.com\/eng\/wp-content\/uploads\/sites\/2\/2023\/08\/tip_2_ilce_tipi_yuzme_havuzu-300x212.jpg 300w, https:\/\/moduldizayn.com\/eng\/wp-content\/uploads\/sites\/2\/2023\/08\/tip_2_ilce_tipi_yuzme_havuzu-768x543.jpg 768w, https:\/\/moduldizayn.com\/eng\/wp-content\/uploads\/sites\/2\/2023\/08\/tip_2_ilce_tipi_yuzme_havuzu.jpg 1169w\" sizes=\"auto, (max-width: 1024px) 100vw, 1024px\" \/><\/a><\/figure>\n<\/div>\n\n<div class=\"wp-block-image\">\n<figure class=\"aligncenter size-full\"><img loading=\"lazy\" decoding=\"async\" width=\"555\" height=\"31\" src=\"https:\/\/moduldizayn.com\/eng\/wp-content\/uploads\/sites\/2\/2023\/07\/cizgi2b.png\" alt=\"\" class=\"wp-image-372\" srcset=\"https:\/\/moduldizayn.com\/eng\/wp-content\/uploads\/sites\/2\/2023\/07\/cizgi2b.png 555w, https:\/\/moduldizayn.com\/eng\/wp-content\/uploads\/sites\/2\/2023\/07\/cizgi2b-300x17.png 300w\" sizes=\"auto, (max-width: 555px) 100vw, 555px\" \/><\/figure>\n<\/div>\n\n<div class=\"wp-block-image\">\n<figure class=\"aligncenter size-large\"><a href=\"https:\/\/moduldizayn.com\/eng\/wp-content\/uploads\/sites\/2\/2023\/08\/tip_3_il_tipi_a_yuzme_havuzu.jpg\" target=\"_blank\" rel=\"noreferrer noopener\"><img loading=\"lazy\" decoding=\"async\" width=\"1024\" height=\"724\" src=\"https:\/\/moduldizayn.com\/eng\/wp-content\/uploads\/sites\/2\/2023\/08\/tip_3_il_tipi_a_yuzme_havuzu-1024x724.jpg\" alt=\"T\u0130P 3 \u0130L T\u0130P\u0130 A Y\u00dcZME HAVUZU\" class=\"wp-image-627\" srcset=\"https:\/\/moduldizayn.com\/eng\/wp-content\/uploads\/sites\/2\/2023\/08\/tip_3_il_tipi_a_yuzme_havuzu-1024x724.jpg 1024w, https:\/\/moduldizayn.com\/eng\/wp-content\/uploads\/sites\/2\/2023\/08\/tip_3_il_tipi_a_yuzme_havuzu-300x212.jpg 300w, https:\/\/moduldizayn.com\/eng\/wp-content\/uploads\/sites\/2\/2023\/08\/tip_3_il_tipi_a_yuzme_havuzu-768x543.jpg 768w, https:\/\/moduldizayn.com\/eng\/wp-content\/uploads\/sites\/2\/2023\/08\/tip_3_il_tipi_a_yuzme_havuzu.jpg 1169w\" sizes=\"auto, (max-width: 1024px) 100vw, 1024px\" \/><\/a><\/figure>\n<\/div>\n\n<div class=\"wp-block-image\">\n<figure class=\"aligncenter size-full\"><img loading=\"lazy\" decoding=\"async\" width=\"555\" height=\"31\" src=\"https:\/\/moduldizayn.com\/eng\/wp-content\/uploads\/sites\/2\/2023\/07\/cizgi2b.png\" alt=\"\" class=\"wp-image-372\" srcset=\"https:\/\/moduldizayn.com\/eng\/wp-content\/uploads\/sites\/2\/2023\/07\/cizgi2b.png 555w, https:\/\/moduldizayn.com\/eng\/wp-content\/uploads\/sites\/2\/2023\/07\/cizgi2b-300x17.png 300w\" sizes=\"auto, (max-width: 555px) 100vw, 555px\" \/><\/figure>\n<\/div>\n\n<div class=\"wp-block-image\">\n<figure class=\"aligncenter size-large\"><a href=\"https:\/\/moduldizayn.com\/eng\/wp-content\/uploads\/sites\/2\/2023\/08\/tip_4_il_tipi_b_yuzme_havuzu.jpg\" target=\"_blank\" rel=\"noreferrer noopener\"><img loading=\"lazy\" decoding=\"async\" width=\"1024\" height=\"724\" src=\"https:\/\/moduldizayn.com\/eng\/wp-content\/uploads\/sites\/2\/2023\/08\/tip_4_il_tipi_b_yuzme_havuzu-1024x724.jpg\" alt=\"T\u0130P 4 \u0130L T\u0130P\u0130 B Y\u00dcZME HAVUZU\" class=\"wp-image-629\" srcset=\"https:\/\/moduldizayn.com\/eng\/wp-content\/uploads\/sites\/2\/2023\/08\/tip_4_il_tipi_b_yuzme_havuzu-1024x724.jpg 1024w, https:\/\/moduldizayn.com\/eng\/wp-content\/uploads\/sites\/2\/2023\/08\/tip_4_il_tipi_b_yuzme_havuzu-300x212.jpg 300w, https:\/\/moduldizayn.com\/eng\/wp-content\/uploads\/sites\/2\/2023\/08\/tip_4_il_tipi_b_yuzme_havuzu-768x543.jpg 768w, https:\/\/moduldizayn.com\/eng\/wp-content\/uploads\/sites\/2\/2023\/08\/tip_4_il_tipi_b_yuzme_havuzu.jpg 1169w\" sizes=\"auto, (max-width: 1024px) 100vw, 1024px\" \/><\/a><\/figure>\n<\/div>\n\n<div class=\"wp-block-image\">\n<figure class=\"aligncenter size-full\"><img loading=\"lazy\" decoding=\"async\" width=\"555\" height=\"31\" src=\"https:\/\/moduldizayn.com\/eng\/wp-content\/uploads\/sites\/2\/2023\/07\/cizgi2b.png\" alt=\"\" class=\"wp-image-372\" srcset=\"https:\/\/moduldizayn.com\/eng\/wp-content\/uploads\/sites\/2\/2023\/07\/cizgi2b.png 555w, https:\/\/moduldizayn.com\/eng\/wp-content\/uploads\/sites\/2\/2023\/07\/cizgi2b-300x17.png 300w\" sizes=\"auto, (max-width: 555px) 100vw, 555px\" \/><\/figure>\n<\/div>","protected":false},"excerpt":{"rendered":"<p>GYM MANUFACTURING PICTURES ERZURUM METROPOLITAN MUNICIPALITY 2 SEMI OLYMPIC SWIMMING POOLS1 MULTI-PURPOSE BASKETBALL HALLS PDF Download &gt;&gt;<\/p>\n","protected":false},"author":1,"featured_media":0,"parent":0,"menu_order":0,"comment_status":"closed","ping_status":"closed","template":"","meta":{"footnotes":""},"class_list":["post-84","page","type-page","status-publish","hentry"],"_links":{"self":[{"href":"https:\/\/moduldizayn.com\/eng\/wp-json\/wp\/v2\/pages\/84","targetHints":{"allow":["GET"]}}],"collection":[{"href":"https:\/\/moduldizayn.com\/eng\/wp-json\/wp\/v2\/pages"}],"about":[{"href":"https:\/\/moduldizayn.com\/eng\/wp-json\/wp\/v2\/types\/page"}],"author":[{"embeddable":true,"href":"https:\/\/moduldizayn.com\/eng\/wp-json\/wp\/v2\/users\/1"}],"replies":[{"embeddable":true,"href":"https:\/\/moduldizayn.com\/eng\/wp-json\/wp\/v2\/comments?post=84"}],"version-history":[{"count":6,"href":"https:\/\/moduldizayn.com\/eng\/wp-json\/wp\/v2\/pages\/84\/revisions"}],"predecessor-version":[{"id":1299,"href":"https:\/\/moduldizayn.com\/eng\/wp-json\/wp\/v2\/pages\/84\/revisions\/1299"}],"wp:attachment":[{"href":"https:\/\/moduldizayn.com\/eng\/wp-json\/wp\/v2\/media?parent=84"}],"curies":[{"name":"wp","href":"https:\/\/api.w.org\/{rel}","templated":true}]}}